{"id":47,"date":"2025-12-22T14:28:53","date_gmt":"2025-12-22T14:28:53","guid":{"rendered":"https:\/\/atlantikpoolstore.com\/contact-us\/"},"modified":"2026-04-11T06:33:24","modified_gmt":"2026-04-11T06:33:24","slug":"contacto","status":"publish","type":"page","link":"https:\/\/atlantikpoolstore.com\/en\/contacto\/","title":{"rendered":"Contact"},"content":{"rendered":"<div data-elementor-type=\"wp-page\" data-elementor-id=\"47\" class=\"elementor elementor-47\" data-elementor-post-type=\"page\">\n\t\t\t\t<div class=\"elementor-element elementor-element-1a960f0c e-con-full e-flex e-con e-parent\" data-id=\"1a960f0c\" data-element_type=\"container\">\n\t\t<div class=\"elementor-element elementor-element-43f31a31 e-con-full e-flex e-con e-child\" data-id=\"43f31a31\" data-element_type=\"container\" data-settings=\"{&quot;background_background&quot;:&quot;classic&quot;,&quot;background_motion_fx_motion_fx_scrolling&quot;:&quot;yes&quot;,&quot;background_motion_fx_translateY_effect&quot;:&quot;yes&quot;,&quot;background_motion_fx_translateY_direction&quot;:&quot;negative&quot;,&quot;background_motion_fx_translateY_speed&quot;:{&quot;unit&quot;:&quot;px&quot;,&quot;size&quot;:1.5,&quot;sizes&quot;:[]},&quot;background_motion_fx_translateY_affectedRange&quot;:{&quot;unit&quot;:&quot;%&quot;,&quot;size&quot;:&quot;&quot;,&quot;sizes&quot;:{&quot;start&quot;:0,&quot;end&quot;:100}},&quot;background_motion_fx_devices&quot;:[&quot;desktop&quot;,&quot;tablet&quot;,&quot;mobile&quot;]}\">\n\t\t\t\t<\/div>\n\t\t<div class=\"elementor-element elementor-element-5b6561a2 e-con-full e-flex e-con e-child\" data-id=\"5b6561a2\" data-element_type=\"container\">\n\t\t\t\t<div class=\"elementor-element elementor-element-6e21bd6a elementor-headline--style-rotate elementor-invisible elementor-widget elementor-widget-animated-headline\" data-id=\"6e21bd6a\" data-element_type=\"widget\" data-settings=\"{&quot;headline_style&quot;:&quot;rotate&quot;,&quot;animation_type&quot;:&quot;slide&quot;,&quot;rotating_text&quot;:&quot;hoy&quot;,&quot;_animation&quot;:&quot;fadeInLeft&quot;,&quot;rotate_iteration_delay&quot;:2500}\" data-widget_type=\"animated-headline.default\">\n\t\t\t\t\t\t\t<h2 class=\"elementor-headline elementor-headline-animation-type-slide\">\n\t\t\t\t\t<span class=\"elementor-headline-plain-text elementor-headline-text-wrapper\">Contacta<\/span>\n\t\t\t\t<span class=\"elementor-headline-dynamic-wrapper elementor-headline-text-wrapper\">\n\t\t\t\t\t<span class=\"elementor-headline-dynamic-text elementor-headline-text-active\">\n\t\t\t\thoy\t\t\t<\/span>\n\t\t\t\t\t\t<\/span>\n\t\t\t\t<\/h2>\n\t\t\t\t\t\t<\/div>\n\t\t\t\t<div class=\"elementor-element elementor-element-28519ff1 elementor-widget elementor-widget-text-editor\" data-id=\"28519ff1\" data-element_type=\"widget\" data-widget_type=\"text-editor.default\">\n\t\t\t\t\t\t\t\t\t<p><span style=\"font-weight: 400;\">\u00bfEst\u00e1s pensando en instalar una <\/span><b>piscina de fibra de vidrio<\/b><span style=\"font-weight: 400;\">, un <\/span><b>spa<\/b><span style=\"font-weight: 400;\">, un <\/span><b>jacuzzi<\/b><span style=\"font-weight: 400;\"> o una <\/span><b>tina de hidromasaje<\/b><span style=\"font-weight: 400;\">? <\/span><span style=\"font-weight: 400;\">Nuestro equipo est\u00e1 listo para asesorarte y ayudarte a dar el siguiente paso<\/span><\/p>\t\t\t\t\t\t\t\t<\/div>\n\t\t\t\t<div class=\"elementor-element elementor-element-40b91a6e elementor-button-align-start elementor-tablet-button-align-center elementor-widget elementor-widget-form\" data-id=\"40b91a6e\" data-element_type=\"widget\" data-settings=\"{&quot;step_next_label&quot;:&quot;Next&quot;,&quot;step_previous_label&quot;:&quot;Previous&quot;,&quot;button_width&quot;:&quot;100&quot;,&quot;step_type&quot;:&quot;number_text&quot;,&quot;step_icon_shape&quot;:&quot;circle&quot;}\" data-widget_type=\"form.default\">\n\t\t\t\t\t\t\t<form class=\"elementor-form\" method=\"post\" name=\"New Form\" aria-label=\"New Form\" action=\"\">\n\t\t\t<input type=\"hidden\" name=\"post_id\" value=\"47\"\/>\n\t\t\t<input type=\"hidden\" name=\"form_id\" value=\"40b91a6e\"\/>\n\t\t\t<input type=\"hidden\" name=\"referer_title\" value=\"Contacto - atlantikpoolstore.com\" \/>\n\n\t\t\t\t\t\t\t<input type=\"hidden\" name=\"queried_id\" value=\"47\"\/>\n\t\t\t\n\t\t\t<div class=\"elementor-form-fields-wrapper elementor-labels-\">\n\t\t\t\t\t\t\t\t<div class=\"elementor-field-type-text elementor-field-group elementor-column elementor-field-group-name elementor-col-100 elementor-field-required\">\n\t\t\t\t\t\t\t\t\t\t\t\t<label for=\"form-field-name\" class=\"elementor-field-label elementor-screen-only\">\n\t\t\t\t\t\t\t\tName\t\t\t\t\t\t\t<\/label>\n\t\t\t\t\t\t\t\t\t\t\t\t\t\t<input size=\"1\" type=\"text\" name=\"form_fields[name]\" id=\"form-field-name\" class=\"elementor-field elementor-size-sm  elementor-field-textual\" placeholder=\"Nombre\" required=\"required\">\n\t\t\t\t\t\t\t\t\t\t\t<\/div>\n\t\t\t\t\t\t\t\t<div class=\"elementor-field-type-tel elementor-field-group elementor-column elementor-field-group-email elementor-col-100 elementor-field-required\">\n\t\t\t\t\t\t\t\t\t\t\t\t<label for=\"form-field-email\" class=\"elementor-field-label elementor-screen-only\">\n\t\t\t\t\t\t\t\tPhone\t\t\t\t\t\t\t<\/label>\n\t\t\t\t\t\t\t\t<input size=\"1\" type=\"tel\" name=\"form_fields[email]\" id=\"form-field-email\" class=\"elementor-field elementor-size-sm  elementor-field-textual\" placeholder=\"Tel\u00e9fono\" required=\"required\" pattern=\"[0-9()#&amp;+*-=.]+\" title=\"Only numbers and phone characters (#, -, *, etc) are accepted.\" data-no-translation-title=\"\">\n\n\t\t\t\t\t\t<\/div>\n\t\t\t\t\t\t\t\t<div class=\"elementor-field-type-email elementor-field-group elementor-column elementor-field-group-field_048dea7 elementor-col-100 elementor-field-required\">\n\t\t\t\t\t\t\t\t\t\t\t\t<label for=\"form-field-field_048dea7\" class=\"elementor-field-label elementor-screen-only\">\n\t\t\t\t\t\t\t\tEmail\t\t\t\t\t\t\t<\/label>\n\t\t\t\t\t\t\t\t\t\t\t\t\t\t<input size=\"1\" type=\"email\" name=\"form_fields[field_048dea7]\" id=\"form-field-field_048dea7\" class=\"elementor-field elementor-size-sm  elementor-field-textual\" placeholder=\"Email\" required=\"required\">\n\t\t\t\t\t\t\t\t\t\t\t<\/div>\n\t\t\t\t\t\t\t\t<div class=\"elementor-field-type-text elementor-field-group elementor-column elementor-field-group-field_9eafbf3 elementor-col-100\">\n\t\t\t\t\t\t\t\t\t\t\t\t<label for=\"form-field-field_9eafbf3\" class=\"elementor-field-label elementor-screen-only\">\n\t\t\t\t\t\t\t\tCiudad\t\t\t\t\t\t\t<\/label>\n\t\t\t\t\t\t\t\t\t\t\t\t\t\t<input size=\"1\" type=\"text\" name=\"form_fields[field_9eafbf3]\" id=\"form-field-field_9eafbf3\" class=\"elementor-field elementor-size-sm  elementor-field-textual\" placeholder=\"Ciudad\">\n\t\t\t\t\t\t\t\t\t\t\t<\/div>\n\t\t\t\t\t\t\t\t<div class=\"elementor-field-type-textarea elementor-field-group elementor-column elementor-field-group-field_b17b517 elementor-col-100\">\n\t\t\t\t\t\t\t\t\t\t\t\t<label for=\"form-field-field_b17b517\" class=\"elementor-field-label elementor-screen-only\">\n\t\t\t\t\t\t\t\tMensaje\t\t\t\t\t\t\t<\/label>\n\t\t\t\t\t\t<textarea class=\"elementor-field-textual elementor-field  elementor-size-sm\" name=\"form_fields[field_b17b517]\" id=\"form-field-field_b17b517\" rows=\"2\" placeholder=\"Mensaje\"><\/textarea>\t\t\t\t<\/div>\n\t\t\t\t\t\t\t\t<div class=\"elementor-field-type-recaptcha elementor-field-group elementor-column elementor-field-group-field_778e5fa elementor-col-100\">\n\t\t\t\t\t<div class=\"elementor-field\" id=\"form-field-field_778e5fa\"><div class=\"elementor-g-recaptcha\" data-sitekey=\"6Lfyx7EsAAAAAJb5C6WqbHghazrFDFzzCvOm87wc\" data-type=\"v2_checkbox\" data-theme=\"light\" data-size=\"normal\"><\/div><\/div>\t\t\t\t<\/div>\n\t\t\t\t\t\t\t\t<div class=\"elementor-field-group elementor-column elementor-field-type-submit elementor-col-100 e-form__buttons\">\n\t\t\t\t\t<button class=\"elementor-button elementor-size-xs\" type=\"submit\">\n\t\t\t\t\t\t<span class=\"elementor-button-content-wrapper\">\n\t\t\t\t\t\t\t\t\t\t\t\t\t\t\t\t\t\t\t\t\t\t<span class=\"elementor-button-text\">Enviar<\/span>\n\t\t\t\t\t\t\t\t\t\t\t\t\t<\/span>\n\t\t\t\t\t<\/button>\n\t\t\t\t<\/div>\n\t\t\t<\/div>\n\t\t<input type=\"hidden\" name=\"trp-form-language\" value=\"en\"\/><\/form>\n\t\t\t\t\t\t<\/div>\n\t\t\t\t<\/div>\n\t\t\t\t<\/div>\n\t\t<div class=\"elementor-element elementor-element-670bed7 e-con-full e-flex e-con e-parent\" data-id=\"670bed7\" data-element_type=\"container\">\n\t\t\t\t<div class=\"elementor-element elementor-element-da9e641 elementor-widget elementor-widget-google_maps\" data-id=\"da9e641\" data-element_type=\"widget\" data-widget_type=\"google_maps.default\">\n\t\t\t\t\t\t\t<div class=\"elementor-custom-embed\">\n\t\t\t<iframe loading=\"lazy\"\n\t\t\t\t\tsrc=\"https:\/\/maps.google.com\/maps?q=Cl.%2030%20%2312%20-%20270%2C%20Soledad%2C%20Atl%C3%A1ntico%2C%20Colombia&#038;t=m&#038;z=12&#038;output=embed&#038;iwloc=near\"\n\t\t\t\t\ttitle=\"Cl. 30 #12 - 270, Soledad, Atl\u00e1ntico, Colombia\"\n\t\t\t\t\taria-label=\"Cl. 30 #12 - 270, Soledad, Atl\u00e1ntico, Colombia\"\n\t\t\t><\/iframe>\n\t\t<\/div>\n\t\t\t\t\t\t<\/div>\n\t\t\t\t<\/div>\n\t\t\t\t<\/div>","protected":false},"excerpt":{"rendered":"<p>Contacta hoy \u00bfEst\u00e1s pensando en instalar una piscina de fibra de vidrio, un spa, un jacuzzi o una tina de hidromasaje? Nuestro equipo est\u00e1 listo para asesorarte y ayudarte a dar el siguiente paso<\/p>","protected":false},"author":1,"featured_media":50,"parent":0,"menu_order":0,"comment_status":"closed","ping_status":"closed","template":"elementor_header_footer","meta":{"footnotes":""},"class_list":["post-47","page","type-page","status-publish","has-post-thumbnail","hentry"],"yoast_head":"<!-- This site is optimized with the Yoast SEO plugin v26.6 - https:\/\/yoast.com\/wordpress\/plugins\/seo\/ -->\n<title>Contacto - atlantikpoolstore.com<\/title>\n<meta name=\"robots\" content=\"index, follow, max-snippet:-1, max-image-preview:large, max-video-preview:-1\" \/>\n<link rel=\"canonical\" href=\"https:\/\/atlantikpoolstore.com\/en\/contacto\/\" \/>\n<meta property=\"og:locale\" content=\"en_US\" \/>\n<meta property=\"og:type\" content=\"article\" \/>\n<meta property=\"og:title\" content=\"Contacto - atlantikpoolstore.com\" \/>\n<meta property=\"og:description\" content=\"Contacta hoy \u00bfEst\u00e1s pensando en instalar una piscina de fibra de vidrio, un spa, un jacuzzi o una tina de hidromasaje? Nuestro equipo est\u00e1 listo para asesorarte y ayudarte a dar el siguiente paso\" \/>\n<meta property=\"og:url\" content=\"https:\/\/atlantikpoolstore.com\/en\/contacto\/\" \/>\n<meta property=\"og:site_name\" content=\"atlantikpoolstore.com\" \/>\n<meta property=\"article:modified_time\" content=\"2026-04-11T06:33:24+00:00\" \/>\n<meta property=\"og:image\" content=\"https:\/\/atlantikpoolstore.com\/wp-content\/uploads\/2025\/12\/Bread-Bakery-Business-Contact.jpg\" \/>\n\t<meta property=\"og:image:width\" content=\"400\" \/>\n\t<meta property=\"og:image:height\" content=\"380\" \/>\n\t<meta property=\"og:image:type\" content=\"image\/jpeg\" \/>\n<meta name=\"twitter:card\" content=\"summary_large_image\" \/>\n<meta name=\"twitter:label1\" content=\"Est. reading time\" \/>\n\t<meta name=\"twitter:data1\" content=\"1 minute\" \/>\n<script type=\"application\/ld+json\" class=\"yoast-schema-graph\">{\"@context\":\"https:\/\/schema.org\",\"@graph\":[{\"@type\":\"WebPage\",\"@id\":\"https:\/\/atlantikpoolstore.com\/contacto\/\",\"url\":\"https:\/\/atlantikpoolstore.com\/contacto\/\",\"name\":\"Contacto - atlantikpoolstore.com\",\"isPartOf\":{\"@id\":\"https:\/\/atlantikpoolstore.com\/#website\"},\"primaryImageOfPage\":{\"@id\":\"https:\/\/atlantikpoolstore.com\/contacto\/#primaryimage\"},\"image\":{\"@id\":\"https:\/\/atlantikpoolstore.com\/contacto\/#primaryimage\"},\"thumbnailUrl\":\"https:\/\/atlantikpoolstore.com\/wp-content\/uploads\/2025\/12\/Bread-Bakery-Business-Contact.jpg\",\"datePublished\":\"2025-12-22T14:28:53+00:00\",\"dateModified\":\"2026-04-11T06:33:24+00:00\",\"breadcrumb\":{\"@id\":\"https:\/\/atlantikpoolstore.com\/contacto\/#breadcrumb\"},\"inLanguage\":\"en-US\",\"potentialAction\":[{\"@type\":\"ReadAction\",\"target\":[\"https:\/\/atlantikpoolstore.com\/contacto\/\"]}]},{\"@type\":\"ImageObject\",\"inLanguage\":\"en-US\",\"@id\":\"https:\/\/atlantikpoolstore.com\/contacto\/#primaryimage\",\"url\":\"https:\/\/atlantikpoolstore.com\/wp-content\/uploads\/2025\/12\/Bread-Bakery-Business-Contact.jpg\",\"contentUrl\":\"https:\/\/atlantikpoolstore.com\/wp-content\/uploads\/2025\/12\/Bread-Bakery-Business-Contact.jpg\",\"width\":400,\"height\":380},{\"@type\":\"BreadcrumbList\",\"@id\":\"https:\/\/atlantikpoolstore.com\/contacto\/#breadcrumb\",\"itemListElement\":[{\"@type\":\"ListItem\",\"position\":1,\"name\":\"Inicio\",\"item\":\"https:\/\/atlantikpoolstore.com\/\"},{\"@type\":\"ListItem\",\"position\":2,\"name\":\"Contacto\"}]},{\"@type\":\"WebSite\",\"@id\":\"https:\/\/atlantikpoolstore.com\/#website\",\"url\":\"https:\/\/atlantikpoolstore.com\/\",\"name\":\"atlantikpoolstore.com\",\"description\":\"En Atlantik Pool Store somos especialistas en piscinas de fibra de vidrio, una soluci\u00f3n moderna, duradera y de r\u00e1pida instalaci\u00f3n para hogares y proyectos residenciales. Trabajamos con piscinas prefabricadas PRFV, reconocidas por su resistencia, dise\u00f1o y bajo mantenimiento.\",\"publisher\":{\"@id\":\"https:\/\/atlantikpoolstore.com\/#organization\"},\"potentialAction\":[{\"@type\":\"SearchAction\",\"target\":{\"@type\":\"EntryPoint\",\"urlTemplate\":\"https:\/\/atlantikpoolstore.com\/?s={search_term_string}\"},\"query-input\":{\"@type\":\"PropertyValueSpecification\",\"valueRequired\":true,\"valueName\":\"search_term_string\"}}],\"inLanguage\":\"en-US\"},{\"@type\":\"Organization\",\"@id\":\"https:\/\/atlantikpoolstore.com\/#organization\",\"name\":\"atlantikpoolstore.com\",\"url\":\"https:\/\/atlantikpoolstore.com\/\",\"logo\":{\"@type\":\"ImageObject\",\"inLanguage\":\"en-US\",\"@id\":\"https:\/\/atlantikpoolstore.com\/#\/schema\/logo\/image\/\",\"url\":\"https:\/\/atlantikpoolstore.com\/wp-content\/uploads\/2025\/12\/LOGO-ATLANTIK-02.png\",\"contentUrl\":\"https:\/\/atlantikpoolstore.com\/wp-content\/uploads\/2025\/12\/LOGO-ATLANTIK-02.png\",\"width\":1080,\"height\":1080,\"caption\":\"atlantikpoolstore.com\"},\"image\":{\"@id\":\"https:\/\/atlantikpoolstore.com\/#\/schema\/logo\/image\/\"}}]}<\/script>\n<!-- \/ Yoast SEO plugin. -->","yoast_head_json":{"title":"Contacto - atlantikpoolstore.com","robots":{"index":"index","follow":"follow","max-snippet":"max-snippet:-1","max-image-preview":"max-image-preview:large","max-video-preview":"max-video-preview:-1"},"canonical":"https:\/\/atlantikpoolstore.com\/en\/contacto\/","og_locale":"en_US","og_type":"article","og_title":"Contacto - atlantikpoolstore.com","og_description":"Contacta hoy \u00bfEst\u00e1s pensando en instalar una piscina de fibra de vidrio, un spa, un jacuzzi o una tina de hidromasaje? Nuestro equipo est\u00e1 listo para asesorarte y ayudarte a dar el siguiente paso","og_url":"https:\/\/atlantikpoolstore.com\/en\/contacto\/","og_site_name":"atlantikpoolstore.com","article_modified_time":"2026-04-11T06:33:24+00:00","og_image":[{"width":400,"height":380,"url":"https:\/\/atlantikpoolstore.com\/wp-content\/uploads\/2025\/12\/Bread-Bakery-Business-Contact.jpg","type":"image\/jpeg"}],"twitter_card":"summary_large_image","twitter_misc":{"Est. reading time":"1 minute"},"schema":{"@context":"https:\/\/schema.org","@graph":[{"@type":"WebPage","@id":"https:\/\/atlantikpoolstore.com\/contacto\/","url":"https:\/\/atlantikpoolstore.com\/contacto\/","name":"Contacto - atlantikpoolstore.com","isPartOf":{"@id":"https:\/\/atlantikpoolstore.com\/#website"},"primaryImageOfPage":{"@id":"https:\/\/atlantikpoolstore.com\/contacto\/#primaryimage"},"image":{"@id":"https:\/\/atlantikpoolstore.com\/contacto\/#primaryimage"},"thumbnailUrl":"https:\/\/atlantikpoolstore.com\/wp-content\/uploads\/2025\/12\/Bread-Bakery-Business-Contact.jpg","datePublished":"2025-12-22T14:28:53+00:00","dateModified":"2026-04-11T06:33:24+00:00","breadcrumb":{"@id":"https:\/\/atlantikpoolstore.com\/contacto\/#breadcrumb"},"inLanguage":"en-US","potentialAction":[{"@type":"ReadAction","target":["https:\/\/atlantikpoolstore.com\/contacto\/"]}]},{"@type":"ImageObject","inLanguage":"en-US","@id":"https:\/\/atlantikpoolstore.com\/contacto\/#primaryimage","url":"https:\/\/atlantikpoolstore.com\/wp-content\/uploads\/2025\/12\/Bread-Bakery-Business-Contact.jpg","contentUrl":"https:\/\/atlantikpoolstore.com\/wp-content\/uploads\/2025\/12\/Bread-Bakery-Business-Contact.jpg","width":400,"height":380},{"@type":"BreadcrumbList","@id":"https:\/\/atlantikpoolstore.com\/contacto\/#breadcrumb","itemListElement":[{"@type":"ListItem","position":1,"name":"Inicio","item":"https:\/\/atlantikpoolstore.com\/"},{"@type":"ListItem","position":2,"name":"Contacto"}]},{"@type":"WebSite","@id":"https:\/\/atlantikpoolstore.com\/#website","url":"https:\/\/atlantikpoolstore.com\/","name":"atlantikpoolstore.com","description":"En Atlantik Pool Store somos especialistas en piscinas de fibra de vidrio, una soluci\u00f3n moderna, duradera y de r\u00e1pida instalaci\u00f3n para hogares y proyectos residenciales. Trabajamos con piscinas prefabricadas PRFV, reconocidas por su resistencia, dise\u00f1o y bajo mantenimiento.","publisher":{"@id":"https:\/\/atlantikpoolstore.com\/#organization"},"potentialAction":[{"@type":"SearchAction","target":{"@type":"EntryPoint","urlTemplate":"https:\/\/atlantikpoolstore.com\/?s={search_term_string}"},"query-input":{"@type":"PropertyValueSpecification","valueRequired":true,"valueName":"search_term_string"}}],"inLanguage":"en-US"},{"@type":"Organization","@id":"https:\/\/atlantikpoolstore.com\/#organization","name":"atlantikpoolstore.com","url":"https:\/\/atlantikpoolstore.com\/","logo":{"@type":"ImageObject","inLanguage":"en-US","@id":"https:\/\/atlantikpoolstore.com\/#\/schema\/logo\/image\/","url":"https:\/\/atlantikpoolstore.com\/wp-content\/uploads\/2025\/12\/LOGO-ATLANTIK-02.png","contentUrl":"https:\/\/atlantikpoolstore.com\/wp-content\/uploads\/2025\/12\/LOGO-ATLANTIK-02.png","width":1080,"height":1080,"caption":"atlantikpoolstore.com"},"image":{"@id":"https:\/\/atlantikpoolstore.com\/#\/schema\/logo\/image\/"}}]}},"_hostinger_reach_plugin_has_subscription_block":false,"_hostinger_reach_plugin_is_elementor":false,"_links":{"self":[{"href":"https:\/\/atlantikpoolstore.com\/en\/wp-json\/wp\/v2\/pages\/47","targetHints":{"allow":["GET"]}}],"collection":[{"href":"https:\/\/atlantikpoolstore.com\/en\/wp-json\/wp\/v2\/pages"}],"about":[{"href":"https:\/\/atlantikpoolstore.com\/en\/wp-json\/wp\/v2\/types\/page"}],"author":[{"embeddable":true,"href":"https:\/\/atlantikpoolstore.com\/en\/wp-json\/wp\/v2\/users\/1"}],"replies":[{"embeddable":true,"href":"https:\/\/atlantikpoolstore.com\/en\/wp-json\/wp\/v2\/comments?post=47"}],"version-history":[{"count":50,"href":"https:\/\/atlantikpoolstore.com\/en\/wp-json\/wp\/v2\/pages\/47\/revisions"}],"predecessor-version":[{"id":954,"href":"https:\/\/atlantikpoolstore.com\/en\/wp-json\/wp\/v2\/pages\/47\/revisions\/954"}],"wp:featuredmedia":[{"embeddable":true,"href":"https:\/\/atlantikpoolstore.com\/en\/wp-json\/wp\/v2\/media\/50"}],"wp:attachment":[{"href":"https:\/\/atlantikpoolstore.com\/en\/wp-json\/wp\/v2\/media?parent=47"}],"curies":[{"name":"wp","href":"https:\/\/api.w.org\/{rel}","templated":true}]}}