{"id":51,"date":"2025-12-22T14:28:53","date_gmt":"2025-12-22T14:28:53","guid":{"rendered":"https:\/\/atlantikpoolstore.com\/our-story\/"},"modified":"2025-12-30T10:05:35","modified_gmt":"2025-12-30T10:05:35","slug":"nosotros","status":"publish","type":"page","link":"https:\/\/atlantikpoolstore.com\/en\/nosotros\/","title":{"rendered":"About Us"},"content":{"rendered":"<div data-elementor-type=\"wp-page\" data-elementor-id=\"51\" class=\"elementor elementor-51\" data-elementor-post-type=\"page\">\n\t\t\t\t<div class=\"elementor-element elementor-element-41c9ab2 e-con-full e-flex e-con e-parent\" data-id=\"41c9ab2\" data-element_type=\"container\" data-settings=\"{&quot;background_background&quot;:&quot;classic&quot;}\">\n\t\t\t\t<div class=\"elementor-element elementor-element-1b77658 elementor-widget elementor-widget-heading\" data-id=\"1b77658\" data-element_type=\"widget\" data-widget_type=\"heading.default\">\n\t\t\t\t\t<h2 class=\"elementor-heading-title elementor-size-default\">About Us<\/h2>\t\t\t\t<\/div>\n\t\t\t\t<\/div>\n\t\t\t\t<section class=\"elementor-section elementor-top-section elementor-element elementor-element-z964nod elementor-section-content-middle elementor-section-boxed elementor-section-height-default elementor-section-height-default\" data-id=\"z964nod\" data-element_type=\"section\" data-settings=\"{&quot;background_background&quot;:&quot;classic&quot;}\">\n\t\t\t\t\t\t\t<div class=\"elementor-background-overlay\"><\/div>\n\t\t\t\t\t\t\t<div class=\"elementor-container elementor-column-gap-no\">\n\t\t\t\t\t<div class=\"elementor-column elementor-col-50 elementor-top-column elementor-element elementor-element-47d11e6\" data-id=\"47d11e6\" data-element_type=\"column\">\n\t\t\t<div class=\"elementor-widget-wrap elementor-element-populated\">\n\t\t\t\t\t\t<div class=\"elementor-element elementor-element-51240be elementor-widget elementor-widget-image\" data-id=\"51240be\" data-element_type=\"widget\" data-widget_type=\"image.default\">\n\t\t\t\t\t\t\t\t\t\t\t\t\t\t\t<img fetchpriority=\"high\" decoding=\"async\" width=\"1080\" height=\"1080\" src=\"https:\/\/atlantikpoolstore.com\/wp-content\/uploads\/2025\/12\/Atlantik-Pool-Store-10.jpg\" class=\"attachment-full size-full wp-image-472\" alt=\"\" srcset=\"https:\/\/atlantikpoolstore.com\/wp-content\/uploads\/2025\/12\/Atlantik-Pool-Store-10.jpg 1080w, https:\/\/atlantikpoolstore.com\/wp-content\/uploads\/2025\/12\/Atlantik-Pool-Store-10-300x300.jpg 300w, https:\/\/atlantikpoolstore.com\/wp-content\/uploads\/2025\/12\/Atlantik-Pool-Store-10-1024x1024.jpg 1024w, https:\/\/atlantikpoolstore.com\/wp-content\/uploads\/2025\/12\/Atlantik-Pool-Store-10-150x150.jpg 150w, https:\/\/atlantikpoolstore.com\/wp-content\/uploads\/2025\/12\/Atlantik-Pool-Store-10-768x768.jpg 768w\" sizes=\"(max-width: 1080px) 100vw, 1080px\" \/>\t\t\t\t\t\t\t\t\t\t\t\t\t\t\t<\/div>\n\t\t\t\t\t<\/div>\n\t\t<\/div>\n\t\t\t\t<div class=\"elementor-column elementor-col-50 elementor-top-column elementor-element elementor-element-e68dcfe\" data-id=\"e68dcfe\" data-element_type=\"column\">\n\t\t\t<div class=\"elementor-widget-wrap elementor-element-populated\">\n\t\t\t\t\t\t<div class=\"elementor-element elementor-element-ff0f137 elementor-widget elementor-widget-heading\" data-id=\"ff0f137\" data-element_type=\"widget\" data-widget_type=\"heading.default\">\n\t\t\t\t\t<h2 class=\"elementor-heading-title elementor-size-default\">About Atlantik Pool Store\n<\/h2>\t\t\t\t<\/div>\n\t\t\t\t<div class=\"elementor-element elementor-element-a0b663d elementor-widget elementor-widget-spacer\" data-id=\"a0b663d\" data-element_type=\"widget\" data-widget_type=\"spacer.default\">\n\t\t\t\t\t\t\t<div class=\"elementor-spacer\">\n\t\t\t<div class=\"elementor-spacer-inner\"><\/div>\n\t\t<\/div>\n\t\t\t\t\t\t<\/div>\n\t\t\t\t<div class=\"elementor-element elementor-element-72da1a5 elementor-widget elementor-widget-text-editor\" data-id=\"72da1a5\" data-element_type=\"widget\" data-widget_type=\"text-editor.default\">\n\t\t\t\t\t\t\t\t\t<p><span style=\"font-weight: 400;\">At <\/span><b>Atlantik Pool Store<\/b><span style=\"font-weight: 400;\"> we are a company specialized in the <\/span><b>sale, installation and maintenance of fiberglass pools<\/b><span style=\"font-weight: 400;\">, as well as wellness solutions such as <\/span><b>spa, jacuzzis and whirlpool tubs<\/b><span style=\"font-weight: 400;\">.<\/span><\/p><p><span style=\"font-weight: 400;\">We work with a clear focus: to offer durable products, functional designs and a professional installation that guarantees quality results. We accompany our clients from the initial consultation to the project start-up, taking care of every detail of the process.<\/span><\/p><p><span style=\"font-weight: 400;\">Our experience in residential projects and wellness spaces allows us to create solutions adapted to every need, always with a close, transparent and professional service.<\/span><\/p>\t\t\t\t\t\t\t\t<\/div>\n\t\t\t\t<div class=\"elementor-element elementor-element-3b56f04 elementor-mobile-align-center elementor-widget-mobile__width-inherit elementor-widget elementor-widget-button\" data-id=\"3b56f04\" data-element_type=\"widget\" data-widget_type=\"button.default\">\n\t\t\t\t\t\t\t\t\t\t<a class=\"elementor-button elementor-button-link elementor-size-sm\" href=\"https:\/\/api.whatsapp.com\/send\/?phone=573153077116&#038;text=Hola+%2AAtlantik+Pool+Store+%7C+Piscinas+de+Fibra+de+Vidrio%2A.+Necesito+m%C3%A1s+informaci%C3%B3n+sobre+Atlantik+Pool+Store+%7C+Piscinas+de+Fibra+de+Vidrio&#038;type=phone_number&#038;app_absent=0\">\n\t\t\t\t\t\t<span class=\"elementor-button-content-wrapper\">\n\t\t\t\t\t\t\t\t\t<span class=\"elementor-button-text\">Quote swimming pool<\/span>\n\t\t\t\t\t<\/span>\n\t\t\t\t\t<\/a>\n\t\t\t\t\t\t\t\t<\/div>\n\t\t\t\t\t<\/div>\n\t\t<\/div>\n\t\t\t\t\t<\/div>\n\t\t<\/section>\n\t\t<div class=\"elementor-element elementor-element-fcda510 e-flex e-con-boxed e-con e-parent\" data-id=\"fcda510\" data-element_type=\"container\" data-settings=\"{&quot;background_background&quot;:&quot;classic&quot;}\">\n\t\t\t\t\t<div class=\"e-con-inner\">\n\t\t\t\t<div class=\"elementor-element elementor-element-46631f0 elementor-widget elementor-widget-heading\" data-id=\"46631f0\" data-element_type=\"widget\" data-widget_type=\"heading.default\">\n\t\t\t\t\t<h2 class=\"elementor-heading-title elementor-size-default\">We design spaces to enjoy, not just to build.\n<\/h2>\t\t\t\t<\/div>\n\t\t\t\t<div class=\"elementor-element elementor-element-48c19de elementor-widget elementor-widget-spacer\" data-id=\"48c19de\" data-element_type=\"widget\" data-widget_type=\"spacer.default\">\n\t\t\t\t\t\t\t<div class=\"elementor-spacer\">\n\t\t\t<div class=\"elementor-spacer-inner\"><\/div>\n\t\t<\/div>\n\t\t\t\t\t\t<\/div>\n\t\t\t\t\t<\/div>\n\t\t\t\t<\/div>\n\t\t\t\t<section class=\"elementor-section elementor-top-section elementor-element elementor-element-s16uk46 elementor-section-content-middle elementor-section-boxed elementor-section-height-default elementor-section-height-default\" data-id=\"s16uk46\" data-element_type=\"section\" data-settings=\"{&quot;background_background&quot;:&quot;classic&quot;}\">\n\t\t\t\t\t\t\t<div class=\"elementor-background-overlay\"><\/div>\n\t\t\t\t\t\t\t<div class=\"elementor-container elementor-column-gap-no\">\n\t\t\t\t\t<div class=\"elementor-column elementor-col-50 elementor-top-column elementor-element elementor-element-57f14dc\" data-id=\"57f14dc\" data-element_type=\"column\">\n\t\t\t<div class=\"elementor-widget-wrap elementor-element-populated\">\n\t\t\t\t\t\t<div class=\"elementor-element elementor-element-56c8c79 elementor-widget__width-initial elementor-widget elementor-widget-image\" data-id=\"56c8c79\" data-element_type=\"widget\" data-widget_type=\"image.default\">\n\t\t\t\t\t\t\t\t\t\t\t\t\t\t\t<img decoding=\"async\" width=\"720\" height=\"412\" src=\"https:\/\/atlantikpoolstore.com\/wp-content\/uploads\/2025\/12\/tinas-hidromasaje.jpeg\" class=\"attachment-medium_large size-medium_large wp-image-189\" alt=\"\" srcset=\"https:\/\/atlantikpoolstore.com\/wp-content\/uploads\/2025\/12\/tinas-hidromasaje.jpeg 720w, https:\/\/atlantikpoolstore.com\/wp-content\/uploads\/2025\/12\/tinas-hidromasaje-300x172.jpeg 300w\" sizes=\"(max-width: 720px) 100vw, 720px\" \/>\t\t\t\t\t\t\t\t\t\t\t\t\t\t\t<\/div>\n\t\t\t\t\t<\/div>\n\t\t<\/div>\n\t\t\t\t<div class=\"elementor-column elementor-col-50 elementor-top-column elementor-element elementor-element-c41f378\" data-id=\"c41f378\" data-element_type=\"column\">\n\t\t\t<div class=\"elementor-widget-wrap elementor-element-populated\">\n\t\t\t\t\t\t<div class=\"elementor-element elementor-element-89d42a3 elementor-widget elementor-widget-heading\" data-id=\"89d42a3\" data-element_type=\"widget\" data-widget_type=\"heading.default\">\n\t\t\t\t\t<h4 class=\"elementor-heading-title elementor-size-default\">Our approach\n<\/h4>\t\t\t\t<\/div>\n\t\t\t\t<div class=\"elementor-element elementor-element-5f48189 elementor-widget elementor-widget-spacer\" data-id=\"5f48189\" data-element_type=\"widget\" data-widget_type=\"spacer.default\">\n\t\t\t\t\t\t\t<div class=\"elementor-spacer\">\n\t\t\t<div class=\"elementor-spacer-inner\"><\/div>\n\t\t<\/div>\n\t\t\t\t\t\t<\/div>\n\t\t\t\t<div class=\"elementor-element elementor-element-4e2c237 elementor-widget elementor-widget-text-editor\" data-id=\"4e2c237\" data-element_type=\"widget\" data-widget_type=\"text-editor.default\">\n\t\t\t\t\t\t\t\t\t<ul><li style=\"font-weight: 400;\" aria-level=\"1\"><span style=\"font-weight: 400;\">Specialization in <\/span><b>fiberglass pools<\/b><\/li><li style=\"font-weight: 400;\" aria-level=\"1\"><span style=\"font-weight: 400;\">Personalized consulting<\/span><\/li><li style=\"font-weight: 400;\" aria-level=\"1\"><span style=\"font-weight: 400;\">Professional installation<\/span><\/li><li style=\"font-weight: 400;\" aria-level=\"1\"><span style=\"font-weight: 400;\">Care before and after the project<\/span><\/li><\/ul>\t\t\t\t\t\t\t\t<\/div>\n\t\t\t\t\t<\/div>\n\t\t<\/div>\n\t\t\t\t\t<\/div>\n\t\t<\/section>\n\t\t\t\t<\/div>","protected":false},"excerpt":{"rendered":"<p>Nosotros Sobre Atlantik Pool Store En Atlantik Pool Store somos una empresa especializada en la venta, instalaci\u00f3n y mantenimiento de piscinas de fibra de vidrio, as\u00ed como en soluciones wellness como spa, jacuzzis y tinas de hidromasaje. Trabajamos con un enfoque claro: ofrecer productos duraderos, dise\u00f1os funcionales y una instalaci\u00f3n profesional que garantice resultados de [&hellip;]<\/p>","protected":false},"author":1,"featured_media":61,"parent":0,"menu_order":0,"comment_status":"closed","ping_status":"closed","template":"elementor_header_footer","meta":{"footnotes":""},"class_list":["post-51","page","type-page","status-publish","has-post-thumbnail","hentry"],"yoast_head":"<!-- This site is optimized with the Yoast SEO plugin v26.6 - https:\/\/yoast.com\/wordpress\/plugins\/seo\/ -->\n<title>Nosotros - atlantikpoolstore.com<\/title>\n<meta name=\"robots\" content=\"index, follow, max-snippet:-1, max-image-preview:large, max-video-preview:-1\" \/>\n<link rel=\"canonical\" href=\"https:\/\/atlantikpoolstore.com\/en\/nosotros\/\" \/>\n<meta property=\"og:locale\" content=\"en_US\" \/>\n<meta property=\"og:type\" content=\"article\" \/>\n<meta property=\"og:title\" content=\"Nosotros - atlantikpoolstore.com\" \/>\n<meta property=\"og:description\" content=\"Nosotros Sobre Atlantik Pool Store En Atlantik Pool Store somos una empresa especializada en la venta, instalaci\u00f3n y mantenimiento de piscinas de fibra de vidrio, as\u00ed como en soluciones wellness como spa, jacuzzis y tinas de hidromasaje. Trabajamos con un enfoque claro: ofrecer productos duraderos, dise\u00f1os funcionales y una instalaci\u00f3n profesional que garantice resultados de [&hellip;]\" \/>\n<meta property=\"og:url\" content=\"https:\/\/atlantikpoolstore.com\/en\/nosotros\/\" \/>\n<meta property=\"og:site_name\" content=\"atlantikpoolstore.com\" \/>\n<meta property=\"article:modified_time\" content=\"2025-12-30T10:05:35+00:00\" \/>\n<meta property=\"og:image\" content=\"https:\/\/atlantikpoolstore.com\/wp-content\/uploads\/2025\/12\/Bread-Bakery-Business-Our-Story.jpg\" \/>\n\t<meta property=\"og:image:width\" content=\"400\" \/>\n\t<meta property=\"og:image:height\" content=\"380\" \/>\n\t<meta property=\"og:image:type\" content=\"image\/jpeg\" \/>\n<meta name=\"twitter:card\" content=\"summary_large_image\" \/>\n<meta name=\"twitter:label1\" content=\"Est. reading time\" \/>\n\t<meta name=\"twitter:data1\" content=\"1 minute\" \/>\n<script type=\"application\/ld+json\" class=\"yoast-schema-graph\">{\"@context\":\"https:\/\/schema.org\",\"@graph\":[{\"@type\":\"WebPage\",\"@id\":\"https:\/\/atlantikpoolstore.com\/nosotros\/\",\"url\":\"https:\/\/atlantikpoolstore.com\/nosotros\/\",\"name\":\"Nosotros - atlantikpoolstore.com\",\"isPartOf\":{\"@id\":\"https:\/\/atlantikpoolstore.com\/#website\"},\"primaryImageOfPage\":{\"@id\":\"https:\/\/atlantikpoolstore.com\/nosotros\/#primaryimage\"},\"image\":{\"@id\":\"https:\/\/atlantikpoolstore.com\/nosotros\/#primaryimage\"},\"thumbnailUrl\":\"https:\/\/atlantikpoolstore.com\/wp-content\/uploads\/2025\/12\/Bread-Bakery-Business-Our-Story.jpg\",\"datePublished\":\"2025-12-22T14:28:53+00:00\",\"dateModified\":\"2025-12-30T10:05:35+00:00\",\"breadcrumb\":{\"@id\":\"https:\/\/atlantikpoolstore.com\/nosotros\/#breadcrumb\"},\"inLanguage\":\"en-US\",\"potentialAction\":[{\"@type\":\"ReadAction\",\"target\":[\"https:\/\/atlantikpoolstore.com\/nosotros\/\"]}]},{\"@type\":\"ImageObject\",\"inLanguage\":\"en-US\",\"@id\":\"https:\/\/atlantikpoolstore.com\/nosotros\/#primaryimage\",\"url\":\"https:\/\/atlantikpoolstore.com\/wp-content\/uploads\/2025\/12\/Bread-Bakery-Business-Our-Story.jpg\",\"contentUrl\":\"https:\/\/atlantikpoolstore.com\/wp-content\/uploads\/2025\/12\/Bread-Bakery-Business-Our-Story.jpg\",\"width\":400,\"height\":380},{\"@type\":\"BreadcrumbList\",\"@id\":\"https:\/\/atlantikpoolstore.com\/nosotros\/#breadcrumb\",\"itemListElement\":[{\"@type\":\"ListItem\",\"position\":1,\"name\":\"Inicio\",\"item\":\"https:\/\/atlantikpoolstore.com\/\"},{\"@type\":\"ListItem\",\"position\":2,\"name\":\"Nosotros\"}]},{\"@type\":\"WebSite\",\"@id\":\"https:\/\/atlantikpoolstore.com\/#website\",\"url\":\"https:\/\/atlantikpoolstore.com\/\",\"name\":\"atlantikpoolstore.com\",\"description\":\"En Atlantik Pool Store somos especialistas en piscinas de fibra de vidrio, una soluci\u00f3n moderna, duradera y de r\u00e1pida instalaci\u00f3n para hogares y proyectos residenciales. Trabajamos con piscinas prefabricadas PRFV, reconocidas por su resistencia, dise\u00f1o y bajo mantenimiento.\",\"publisher\":{\"@id\":\"https:\/\/atlantikpoolstore.com\/#organization\"},\"potentialAction\":[{\"@type\":\"SearchAction\",\"target\":{\"@type\":\"EntryPoint\",\"urlTemplate\":\"https:\/\/atlantikpoolstore.com\/?s={search_term_string}\"},\"query-input\":{\"@type\":\"PropertyValueSpecification\",\"valueRequired\":true,\"valueName\":\"search_term_string\"}}],\"inLanguage\":\"en-US\"},{\"@type\":\"Organization\",\"@id\":\"https:\/\/atlantikpoolstore.com\/#organization\",\"name\":\"atlantikpoolstore.com\",\"url\":\"https:\/\/atlantikpoolstore.com\/\",\"logo\":{\"@type\":\"ImageObject\",\"inLanguage\":\"en-US\",\"@id\":\"https:\/\/atlantikpoolstore.com\/#\/schema\/logo\/image\/\",\"url\":\"https:\/\/atlantikpoolstore.com\/wp-content\/uploads\/2025\/12\/LOGO-ATLANTIK-02.png\",\"contentUrl\":\"https:\/\/atlantikpoolstore.com\/wp-content\/uploads\/2025\/12\/LOGO-ATLANTIK-02.png\",\"width\":1080,\"height\":1080,\"caption\":\"atlantikpoolstore.com\"},\"image\":{\"@id\":\"https:\/\/atlantikpoolstore.com\/#\/schema\/logo\/image\/\"}}]}<\/script>\n<!-- \/ Yoast SEO plugin. -->","yoast_head_json":{"title":"Nosotros - atlantikpoolstore.com","robots":{"index":"index","follow":"follow","max-snippet":"max-snippet:-1","max-image-preview":"max-image-preview:large","max-video-preview":"max-video-preview:-1"},"canonical":"https:\/\/atlantikpoolstore.com\/en\/nosotros\/","og_locale":"en_US","og_type":"article","og_title":"Nosotros - atlantikpoolstore.com","og_description":"Nosotros Sobre Atlantik Pool Store En Atlantik Pool Store somos una empresa especializada en la venta, instalaci\u00f3n y mantenimiento de piscinas de fibra de vidrio, as\u00ed como en soluciones wellness como spa, jacuzzis y tinas de hidromasaje. Trabajamos con un enfoque claro: ofrecer productos duraderos, dise\u00f1os funcionales y una instalaci\u00f3n profesional que garantice resultados de [&hellip;]","og_url":"https:\/\/atlantikpoolstore.com\/en\/nosotros\/","og_site_name":"atlantikpoolstore.com","article_modified_time":"2025-12-30T10:05:35+00:00","og_image":[{"width":400,"height":380,"url":"https:\/\/atlantikpoolstore.com\/wp-content\/uploads\/2025\/12\/Bread-Bakery-Business-Our-Story.jpg","type":"image\/jpeg"}],"twitter_card":"summary_large_image","twitter_misc":{"Est. reading time":"1 minute"},"schema":{"@context":"https:\/\/schema.org","@graph":[{"@type":"WebPage","@id":"https:\/\/atlantikpoolstore.com\/nosotros\/","url":"https:\/\/atlantikpoolstore.com\/nosotros\/","name":"Nosotros - atlantikpoolstore.com","isPartOf":{"@id":"https:\/\/atlantikpoolstore.com\/#website"},"primaryImageOfPage":{"@id":"https:\/\/atlantikpoolstore.com\/nosotros\/#primaryimage"},"image":{"@id":"https:\/\/atlantikpoolstore.com\/nosotros\/#primaryimage"},"thumbnailUrl":"https:\/\/atlantikpoolstore.com\/wp-content\/uploads\/2025\/12\/Bread-Bakery-Business-Our-Story.jpg","datePublished":"2025-12-22T14:28:53+00:00","dateModified":"2025-12-30T10:05:35+00:00","breadcrumb":{"@id":"https:\/\/atlantikpoolstore.com\/nosotros\/#breadcrumb"},"inLanguage":"en-US","potentialAction":[{"@type":"ReadAction","target":["https:\/\/atlantikpoolstore.com\/nosotros\/"]}]},{"@type":"ImageObject","inLanguage":"en-US","@id":"https:\/\/atlantikpoolstore.com\/nosotros\/#primaryimage","url":"https:\/\/atlantikpoolstore.com\/wp-content\/uploads\/2025\/12\/Bread-Bakery-Business-Our-Story.jpg","contentUrl":"https:\/\/atlantikpoolstore.com\/wp-content\/uploads\/2025\/12\/Bread-Bakery-Business-Our-Story.jpg","width":400,"height":380},{"@type":"BreadcrumbList","@id":"https:\/\/atlantikpoolstore.com\/nosotros\/#breadcrumb","itemListElement":[{"@type":"ListItem","position":1,"name":"Inicio","item":"https:\/\/atlantikpoolstore.com\/"},{"@type":"ListItem","position":2,"name":"Nosotros"}]},{"@type":"WebSite","@id":"https:\/\/atlantikpoolstore.com\/#website","url":"https:\/\/atlantikpoolstore.com\/","name":"atlantikpoolstore.com","description":"En Atlantik Pool Store somos especialistas en piscinas de fibra de vidrio, una soluci\u00f3n moderna, duradera y de r\u00e1pida instalaci\u00f3n para hogares y proyectos residenciales. Trabajamos con piscinas prefabricadas PRFV, reconocidas por su resistencia, dise\u00f1o y bajo mantenimiento.","publisher":{"@id":"https:\/\/atlantikpoolstore.com\/#organization"},"potentialAction":[{"@type":"SearchAction","target":{"@type":"EntryPoint","urlTemplate":"https:\/\/atlantikpoolstore.com\/?s={search_term_string}"},"query-input":{"@type":"PropertyValueSpecification","valueRequired":true,"valueName":"search_term_string"}}],"inLanguage":"en-US"},{"@type":"Organization","@id":"https:\/\/atlantikpoolstore.com\/#organization","name":"atlantikpoolstore.com","url":"https:\/\/atlantikpoolstore.com\/","logo":{"@type":"ImageObject","inLanguage":"en-US","@id":"https:\/\/atlantikpoolstore.com\/#\/schema\/logo\/image\/","url":"https:\/\/atlantikpoolstore.com\/wp-content\/uploads\/2025\/12\/LOGO-ATLANTIK-02.png","contentUrl":"https:\/\/atlantikpoolstore.com\/wp-content\/uploads\/2025\/12\/LOGO-ATLANTIK-02.png","width":1080,"height":1080,"caption":"atlantikpoolstore.com"},"image":{"@id":"https:\/\/atlantikpoolstore.com\/#\/schema\/logo\/image\/"}}]}},"_hostinger_reach_plugin_has_subscription_block":false,"_hostinger_reach_plugin_is_elementor":false,"_links":{"self":[{"href":"https:\/\/atlantikpoolstore.com\/en\/wp-json\/wp\/v2\/pages\/51","targetHints":{"allow":["GET"]}}],"collection":[{"href":"https:\/\/atlantikpoolstore.com\/en\/wp-json\/wp\/v2\/pages"}],"about":[{"href":"https:\/\/atlantikpoolstore.com\/en\/wp-json\/wp\/v2\/types\/page"}],"author":[{"embeddable":true,"href":"https:\/\/atlantikpoolstore.com\/en\/wp-json\/wp\/v2\/users\/1"}],"replies":[{"embeddable":true,"href":"https:\/\/atlantikpoolstore.com\/en\/wp-json\/wp\/v2\/comments?post=51"}],"version-history":[{"count":23,"href":"https:\/\/atlantikpoolstore.com\/en\/wp-json\/wp\/v2\/pages\/51\/revisions"}],"predecessor-version":[{"id":758,"href":"https:\/\/atlantikpoolstore.com\/en\/wp-json\/wp\/v2\/pages\/51\/revisions\/758"}],"wp:featuredmedia":[{"embeddable":true,"href":"https:\/\/atlantikpoolstore.com\/en\/wp-json\/wp\/v2\/media\/61"}],"wp:attachment":[{"href":"https:\/\/atlantikpoolstore.com\/en\/wp-json\/wp\/v2\/media?parent=51"}],"curies":[{"name":"wp","href":"https:\/\/api.w.org\/{rel}","templated":true}]}}